


{"id":5620,"date":"2024-03-27T12:43:01","date_gmt":"2024-03-27T12:43:01","guid":{"rendered":"https:\/\/lacombe-avocats.fr\/produit\/versement\/"},"modified":"2024-10-03T07:26:24","modified_gmt":"2024-10-03T07:26:24","slug":"versement","status":"publish","type":"product","link":"https:\/\/lacombe-avocats.fr\/en\/online-payment\/","title":{"rendered":"Online payment"},"content":{"rendered":"[vc_row type=&#8221;in_container&#8221; full_screen_row_position=&#8221;middle&#8221; column_margin=&#8221;default&#8221; column_direction=&#8221;default&#8221; column_direction_tablet=&#8221;default&#8221; column_direction_phone=&#8221;default&#8221; scene_position=&#8221;center&#8221; text_color=&#8221;dark&#8221; text_align=&#8221;left&#8221; row_border_radius=&#8221;none&#8221; row_border_radius_applies=&#8221;bg&#8221; overflow=&#8221;visible&#8221; disable_element=&#8221;yes&#8221; overlay_strength=&#8221;0.3&#8243; gradient_direction=&#8221;left_to_right&#8221; shape_divider_position=&#8221;bottom&#8221; bg_image_animation=&#8221;none&#8221; gradient_type=&#8221;default&#8221; shape_type=&#8221;&#8221;][vc_column column_padding=&#8221;no-extra-padding&#8221; column_padding_tablet=&#8221;inherit&#8221; column_padding_phone=&#8221;inherit&#8221; column_padding_position=&#8221;all&#8221; column_element_direction_desktop=&#8221;default&#8221; column_element_spacing=&#8221;default&#8221; desktop_text_alignment=&#8221;default&#8221; tablet_text_alignment=&#8221;default&#8221; phone_text_alignment=&#8221;default&#8221; background_color_opacity=&#8221;1&#8243; background_hover_color_opacity=&#8221;1&#8243; column_backdrop_filter=&#8221;none&#8221; column_shadow=&#8221;none&#8221; column_border_radius=&#8221;none&#8221; column_link_target=&#8221;_self&#8221; column_position=&#8221;default&#8221; gradient_direction=&#8221;left_to_right&#8221; overlay_strength=&#8221;0.3&#8243; width=&#8221;1\/6&#8243; tablet_width_inherit=&#8221;default&#8221; animation_type=&#8221;default&#8221; bg_image_animation=&#8221;none&#8221; border_type=&#8221;simple&#8221; column_border_width=&#8221;none&#8221; column_border_style=&#8221;solid&#8221;][\/vc_column][vc_column column_padding=&#8221;no-extra-padding&#8221; column_padding_tablet=&#8221;inherit&#8221; column_padding_phone=&#8221;inherit&#8221; column_padding_position=&#8221;all&#8221; column_element_direction_desktop=&#8221;default&#8221; column_element_spacing=&#8221;default&#8221; centered_text=&#8221;true&#8221; desktop_text_alignment=&#8221;default&#8221; tablet_text_alignment=&#8221;default&#8221; phone_text_alignment=&#8221;default&#8221; background_color_opacity=&#8221;1&#8243; background_hover_color_opacity=&#8221;1&#8243; column_backdrop_filter=&#8221;none&#8221; column_shadow=&#8221;none&#8221; column_border_radius=&#8221;none&#8221; column_link_target=&#8221;_self&#8221; column_position=&#8221;default&#8221; gradient_direction=&#8221;left_to_right&#8221; overlay_strength=&#8221;0.3&#8243; width=&#8221;2\/3&#8243; tablet_width_inherit=&#8221;default&#8221; animation_type=&#8221;default&#8221; bg_image_animation=&#8221;none&#8221; border_type=&#8221;simple&#8221; column_border_width=&#8221;none&#8221; column_border_style=&#8221;solid&#8221; column_padding_type=&#8221;default&#8221; gradient_type=&#8221;default&#8221;][vc_column_text text_direction=&#8221;default&#8221;]\n<div style=\"font-size: 13px; line-height: 22px;\"><strong>Obligation de virement dans certains cas<\/strong><br \/>\nEn vertu des articles L.112-6-1 et R.112-5 du Code mon\u00e9taire et financier,\u00a0<u>tous les paiements \u00e0 partir de 3.000 \u20ac effectu\u00e9s ou re\u00e7us par les notaires, pour les actes authentiques donnant lieu \u00e0 publicit\u00e9 fonci\u00e8re<\/u>, doivent \u00eatre effectu\u00e9s par virement bancaire.<br \/>\nLe payeur \u00e0 l&#8217;origine du virement transmet \u00e0 sa banque son nom, le nom du b\u00e9n\u00e9ficiaire du virement ainsi qu&#8217;un libell\u00e9 d&#8217;op\u00e9ration comportant l&#8217;objet du paiement et la d\u00e9signation de l&#8217;acte. Ce libell\u00e9 est repris dans toute op\u00e9ration de paiement subs\u00e9quente.<br \/>\nSi vous souhaitez obtenir le RIB de l\u2019\u00c9tude et\/ou si vous avez des questions en mati\u00e8re de virement ou de paiement en ligne, vous pouvez\u00a0<a href=\"https:\/\/lacombe-avocats.fr\/en\/contact-us\/\">nous contacter<\/a>.<\/div>\n[\/vc_column_text][\/vc_column][vc_column column_padding=&#8221;no-extra-padding&#8221; column_padding_tablet=&#8221;inherit&#8221; column_padding_phone=&#8221;inherit&#8221; column_padding_position=&#8221;all&#8221; column_element_direction_desktop=&#8221;default&#8221; column_element_spacing=&#8221;default&#8221; desktop_text_alignment=&#8221;default&#8221; tablet_text_alignment=&#8221;default&#8221; phone_text_alignment=&#8221;default&#8221; background_color_opacity=&#8221;1&#8243; background_hover_color_opacity=&#8221;1&#8243; column_backdrop_filter=&#8221;none&#8221; column_shadow=&#8221;none&#8221; column_border_radius=&#8221;none&#8221; column_link_target=&#8221;_self&#8221; column_position=&#8221;default&#8221; gradient_direction=&#8221;left_to_right&#8221; overlay_strength=&#8221;0.3&#8243; width=&#8221;1\/6&#8243; tablet_width_inherit=&#8221;default&#8221; animation_type=&#8221;default&#8221; bg_image_animation=&#8221;none&#8221; border_type=&#8221;simple&#8221; column_border_width=&#8221;none&#8221; column_border_style=&#8221;solid&#8221;][\/vc_column][\/vc_row]\n","protected":false},"excerpt":{"rendered":"<p>[vc_row type=&#8221;in_container&#8221; full_screen_row_position=&#8221;middle&#8221; column_margin=&#8221;default&#8221; column_direction=&#8221;default&#8221; column_direction_tablet=&#8221;default&#8221; column_direction_phone=&#8221;default&#8221; scene_position=&#8221;center&#8221; text_color=&#8221;dark&#8221; text_align=&#8221;left&#8221; row_border_radius=&#8221;none&#8221; row_border_radius_applies=&#8221;bg&#8221; overflow=&#8221;visible&#8221; disable_element=&#8221;yes&#8221; overlay_strength=&#8221;0.3&#8243; gradient_direction=&#8221;left_to_right&#8221; shape_divider_position=&#8221;bottom&#8221; bg_image_animation=&#8221;none&#8221; gradient_type=&#8221;default&#8221; shape_type=&#8221;&#8221;][vc_column column_padding=&#8221;no-extra-padding&#8221; column_padding_tablet=&#8221;inherit&#8221; column_padding_phone=&#8221;inherit&#8221; column_padding_position=&#8221;all&#8221; column_element_direction_desktop=&#8221;default&#8221; column_element_spacing=&#8221;default&#8221; desktop_text_alignment=&#8221;default&#8221; tablet_text_alignment=&#8221;default&#8221; phone_text_alignment=&#8221;default&#8221; background_color_opacity=&#8221;1&#8243;&#8230;<\/p>\n","protected":false},"featured_media":5083,"template":"","meta":[],"product_brand":[],"product_cat":[42],"product_tag":[],"class_list":{"0":"post-5620","1":"product","2":"type-product","3":"status-publish","4":"has-post-thumbnail","6":"product_cat-non-classifiee","8":"first","9":"instock","10":"virtual","11":"sold-individually","12":"purchasable","13":"product-type-simple"},"yoast_head":"<!-- This site is optimized with the Yoast SEO plugin v27.4 - https:\/\/yoast.com\/product\/yoast-seo-wordpress\/ -->\n<title>Online payment - Lacombe Avocats<\/title>\n<meta name=\"robots\" content=\"index, follow, max-snippet:-1, max-image-preview:large, max-video-preview:-1\" \/>\n<link rel=\"canonical\" href=\"https:\/\/lacombe-avocats.fr\/en\/online-payment\/\" \/>\n<meta property=\"og:locale\" content=\"en_US\" \/>\n<meta property=\"og:type\" content=\"article\" \/>\n<meta property=\"og:title\" content=\"Online payment - Lacombe Avocats\" \/>\n<meta property=\"og:description\" content=\"[vc_row type=&#8221;in_container&#8221; full_screen_row_position=&#8221;middle&#8221; column_margin=&#8221;default&#8221; column_direction=&#8221;default&#8221; column_direction_tablet=&#8221;default&#8221; column_direction_phone=&#8221;default&#8221; scene_position=&#8221;center&#8221; text_color=&#8221;dark&#8221; text_align=&#8221;left&#8221; row_border_radius=&#8221;none&#8221; row_border_radius_applies=&#8221;bg&#8221; overflow=&#8221;visible&#8221; disable_element=&#8221;yes&#8221; overlay_strength=&#8221;0.3&#8243; gradient_direction=&#8221;left_to_right&#8221; shape_divider_position=&#8221;bottom&#8221; bg_image_animation=&#8221;none&#8221; gradient_type=&#8221;default&#8221; shape_type=&#8221;&#8221;][vc_column column_padding=&#8221;no-extra-padding&#8221; column_padding_tablet=&#8221;inherit&#8221; column_padding_phone=&#8221;inherit&#8221; column_padding_position=&#8221;all&#8221; column_element_direction_desktop=&#8221;default&#8221; column_element_spacing=&#8221;default&#8221; desktop_text_alignment=&#8221;default&#8221; tablet_text_alignment=&#8221;default&#8221; phone_text_alignment=&#8221;default&#8221; background_color_opacity=&#8221;1&#8243;...\" \/>\n<meta property=\"og:url\" content=\"https:\/\/lacombe-avocats.fr\/en\/online-payment\/\" \/>\n<meta property=\"og:site_name\" content=\"Lacombe Avocats\" \/>\n<meta property=\"article:modified_time\" content=\"2024-10-03T07:26:24+00:00\" \/>\n<meta property=\"og:image\" content=\"https:\/\/lacombe-avocats.fr\/wp-content\/uploads\/2024\/07\/logo-filigrane-1080x1080-1.png\" \/>\n\t<meta property=\"og:image:width\" content=\"4500\" \/>\n\t<meta property=\"og:image:height\" content=\"4500\" \/>\n\t<meta property=\"og:image:type\" content=\"image\/png\" \/>\n<meta name=\"twitter:card\" content=\"summary_large_image\" \/>\n<meta name=\"twitter:label1\" content=\"Est. reading time\" \/>\n\t<meta name=\"twitter:data1\" content=\"2 minutes\" \/>\n<script type=\"application\/ld+json\" class=\"yoast-schema-graph\">{\"@context\":\"https:\\\/\\\/schema.org\",\"@graph\":[{\"@type\":\"WebPage\",\"@id\":\"https:\\\/\\\/lacombe-avocats.fr\\\/en\\\/online-payment\\\/\",\"url\":\"https:\\\/\\\/lacombe-avocats.fr\\\/en\\\/online-payment\\\/\",\"name\":\"Online payment - Lacombe Avocats\",\"isPartOf\":{\"@id\":\"https:\\\/\\\/lacombe-avocats.fr\\\/en\\\/#website\"},\"primaryImageOfPage\":{\"@id\":\"https:\\\/\\\/lacombe-avocats.fr\\\/en\\\/online-payment\\\/#primaryimage\"},\"image\":{\"@id\":\"https:\\\/\\\/lacombe-avocats.fr\\\/en\\\/online-payment\\\/#primaryimage\"},\"thumbnailUrl\":\"https:\\\/\\\/lacombe-avocats.fr\\\/wp-content\\\/uploads\\\/2024\\\/07\\\/logo-filigrane-1080x1080-1.png\",\"datePublished\":\"2024-03-27T12:43:01+00:00\",\"dateModified\":\"2024-10-03T07:26:24+00:00\",\"breadcrumb\":{\"@id\":\"https:\\\/\\\/lacombe-avocats.fr\\\/en\\\/online-payment\\\/#breadcrumb\"},\"inLanguage\":\"en-US\",\"potentialAction\":[{\"@type\":\"ReadAction\",\"target\":[\"https:\\\/\\\/lacombe-avocats.fr\\\/en\\\/online-payment\\\/\"]}]},{\"@type\":\"ImageObject\",\"inLanguage\":\"en-US\",\"@id\":\"https:\\\/\\\/lacombe-avocats.fr\\\/en\\\/online-payment\\\/#primaryimage\",\"url\":\"https:\\\/\\\/lacombe-avocats.fr\\\/wp-content\\\/uploads\\\/2024\\\/07\\\/logo-filigrane-1080x1080-1.png\",\"contentUrl\":\"https:\\\/\\\/lacombe-avocats.fr\\\/wp-content\\\/uploads\\\/2024\\\/07\\\/logo-filigrane-1080x1080-1.png\",\"width\":4500,\"height\":4500},{\"@type\":\"BreadcrumbList\",\"@id\":\"https:\\\/\\\/lacombe-avocats.fr\\\/en\\\/online-payment\\\/#breadcrumb\",\"itemListElement\":[{\"@type\":\"ListItem\",\"position\":1,\"name\":\"Home\",\"item\":\"https:\\\/\\\/lacombe-avocats.fr\\\/en\\\/\"},{\"@type\":\"ListItem\",\"position\":2,\"name\":\"Shop\",\"item\":\"https:\\\/\\\/lacombe-avocats.fr\\\/shop\\\/\"},{\"@type\":\"ListItem\",\"position\":3,\"name\":\"Online payment\"}]},{\"@type\":\"WebSite\",\"@id\":\"https:\\\/\\\/lacombe-avocats.fr\\\/en\\\/#website\",\"url\":\"https:\\\/\\\/lacombe-avocats.fr\\\/en\\\/\",\"name\":\"Lacombe Avocats\",\"description\":\"Cabinet avocat fiscaliste \u00e0 Toulouse et Paris - droit fiscal\",\"potentialAction\":[{\"@type\":\"SearchAction\",\"target\":{\"@type\":\"EntryPoint\",\"urlTemplate\":\"https:\\\/\\\/lacombe-avocats.fr\\\/en\\\/?s={search_term_string}\"},\"query-input\":{\"@type\":\"PropertyValueSpecification\",\"valueRequired\":true,\"valueName\":\"search_term_string\"}}],\"inLanguage\":\"en-US\"}]}<\/script>\n<!-- \/ Yoast SEO plugin. -->","yoast_head_json":{"title":"Online payment - Lacombe Avocats","robots":{"index":"index","follow":"follow","max-snippet":"max-snippet:-1","max-image-preview":"max-image-preview:large","max-video-preview":"max-video-preview:-1"},"canonical":"https:\/\/lacombe-avocats.fr\/en\/online-payment\/","og_locale":"en_US","og_type":"article","og_title":"Online payment - Lacombe Avocats","og_description":"[vc_row type=&#8221;in_container&#8221; full_screen_row_position=&#8221;middle&#8221; column_margin=&#8221;default&#8221; column_direction=&#8221;default&#8221; column_direction_tablet=&#8221;default&#8221; column_direction_phone=&#8221;default&#8221; scene_position=&#8221;center&#8221; text_color=&#8221;dark&#8221; text_align=&#8221;left&#8221; row_border_radius=&#8221;none&#8221; row_border_radius_applies=&#8221;bg&#8221; overflow=&#8221;visible&#8221; disable_element=&#8221;yes&#8221; overlay_strength=&#8221;0.3&#8243; gradient_direction=&#8221;left_to_right&#8221; shape_divider_position=&#8221;bottom&#8221; bg_image_animation=&#8221;none&#8221; gradient_type=&#8221;default&#8221; shape_type=&#8221;&#8221;][vc_column column_padding=&#8221;no-extra-padding&#8221; column_padding_tablet=&#8221;inherit&#8221; column_padding_phone=&#8221;inherit&#8221; column_padding_position=&#8221;all&#8221; column_element_direction_desktop=&#8221;default&#8221; column_element_spacing=&#8221;default&#8221; desktop_text_alignment=&#8221;default&#8221; tablet_text_alignment=&#8221;default&#8221; phone_text_alignment=&#8221;default&#8221; background_color_opacity=&#8221;1&#8243;...","og_url":"https:\/\/lacombe-avocats.fr\/en\/online-payment\/","og_site_name":"Lacombe Avocats","article_modified_time":"2024-10-03T07:26:24+00:00","og_image":[{"width":4500,"height":4500,"url":"https:\/\/lacombe-avocats.fr\/wp-content\/uploads\/2024\/07\/logo-filigrane-1080x1080-1.png","type":"image\/png"}],"twitter_card":"summary_large_image","twitter_misc":{"Est. reading time":"2 minutes"},"schema":{"@context":"https:\/\/schema.org","@graph":[{"@type":"WebPage","@id":"https:\/\/lacombe-avocats.fr\/en\/online-payment\/","url":"https:\/\/lacombe-avocats.fr\/en\/online-payment\/","name":"Online payment - Lacombe Avocats","isPartOf":{"@id":"https:\/\/lacombe-avocats.fr\/en\/#website"},"primaryImageOfPage":{"@id":"https:\/\/lacombe-avocats.fr\/en\/online-payment\/#primaryimage"},"image":{"@id":"https:\/\/lacombe-avocats.fr\/en\/online-payment\/#primaryimage"},"thumbnailUrl":"https:\/\/lacombe-avocats.fr\/wp-content\/uploads\/2024\/07\/logo-filigrane-1080x1080-1.png","datePublished":"2024-03-27T12:43:01+00:00","dateModified":"2024-10-03T07:26:24+00:00","breadcrumb":{"@id":"https:\/\/lacombe-avocats.fr\/en\/online-payment\/#breadcrumb"},"inLanguage":"en-US","potentialAction":[{"@type":"ReadAction","target":["https:\/\/lacombe-avocats.fr\/en\/online-payment\/"]}]},{"@type":"ImageObject","inLanguage":"en-US","@id":"https:\/\/lacombe-avocats.fr\/en\/online-payment\/#primaryimage","url":"https:\/\/lacombe-avocats.fr\/wp-content\/uploads\/2024\/07\/logo-filigrane-1080x1080-1.png","contentUrl":"https:\/\/lacombe-avocats.fr\/wp-content\/uploads\/2024\/07\/logo-filigrane-1080x1080-1.png","width":4500,"height":4500},{"@type":"BreadcrumbList","@id":"https:\/\/lacombe-avocats.fr\/en\/online-payment\/#breadcrumb","itemListElement":[{"@type":"ListItem","position":1,"name":"Home","item":"https:\/\/lacombe-avocats.fr\/en\/"},{"@type":"ListItem","position":2,"name":"Shop","item":"https:\/\/lacombe-avocats.fr\/shop\/"},{"@type":"ListItem","position":3,"name":"Online payment"}]},{"@type":"WebSite","@id":"https:\/\/lacombe-avocats.fr\/en\/#website","url":"https:\/\/lacombe-avocats.fr\/en\/","name":"Lacombe Avocats","description":"Cabinet avocat fiscaliste \u00e0 Toulouse et Paris - droit fiscal","potentialAction":[{"@type":"SearchAction","target":{"@type":"EntryPoint","urlTemplate":"https:\/\/lacombe-avocats.fr\/en\/?s={search_term_string}"},"query-input":{"@type":"PropertyValueSpecification","valueRequired":true,"valueName":"search_term_string"}}],"inLanguage":"en-US"}]}},"_links":{"self":[{"href":"https:\/\/lacombe-avocats.fr\/en\/wp-json\/wp\/v2\/product\/5620","targetHints":{"allow":["GET"]}}],"collection":[{"href":"https:\/\/lacombe-avocats.fr\/en\/wp-json\/wp\/v2\/product"}],"about":[{"href":"https:\/\/lacombe-avocats.fr\/en\/wp-json\/wp\/v2\/types\/product"}],"wp:featuredmedia":[{"embeddable":true,"href":"https:\/\/lacombe-avocats.fr\/en\/wp-json\/wp\/v2\/media\/5083"}],"wp:attachment":[{"href":"https:\/\/lacombe-avocats.fr\/en\/wp-json\/wp\/v2\/media?parent=5620"}],"wp:term":[{"taxonomy":"product_brand","embeddable":true,"href":"https:\/\/lacombe-avocats.fr\/en\/wp-json\/wp\/v2\/product_brand?post=5620"},{"taxonomy":"product_cat","embeddable":true,"href":"https:\/\/lacombe-avocats.fr\/en\/wp-json\/wp\/v2\/product_cat?post=5620"},{"taxonomy":"product_tag","embeddable":true,"href":"https:\/\/lacombe-avocats.fr\/en\/wp-json\/wp\/v2\/product_tag?post=5620"}],"curies":[{"name":"wp","href":"https:\/\/api.w.org\/{rel}","templated":true}]}}